{"id":2808,"date":"2023-06-03T12:21:27","date_gmt":"2023-06-03T12:21:27","guid":{"rendered":"https:\/\/larimar-travel.com\/welcome_to_jordan\/?page_id=2808"},"modified":"2023-06-17T20:00:59","modified_gmt":"2023-06-17T20:00:59","slug":"historia-y-cultura","status":"publish","type":"page","link":"https:\/\/larimar-travel.com\/welcome_to_jordan\/?page_id=2808","title":{"rendered":"Historia y cultura"},"content":{"rendered":"\t\t<div data-elementor-type=\"wp-page\" data-elementor-id=\"2808\" class=\"elementor elementor-2808\">\n\t\t\t\t\t\t\t\t\t<section class=\"elementor-section elementor-top-section elementor-element elementor-element-35b7cd4 elementor-section-boxed elementor-section-height-default elementor-section-height-default\" data-id=\"35b7cd4\" data-element_type=\"section\">\n\t\t\t\t\t\t<div class=\"elementor-container elementor-column-gap-default\">\n\t\t\t\t\t<div class=\"elementor-column elementor-col-100 elementor-top-column elementor-element elementor-element-97828ca\" data-id=\"97828ca\" data-element_type=\"column\">\n\t\t\t<div class=\"elementor-widget-wrap elementor-element-populated\">\n\t\t\t\t\t\t\t\t<div class=\"elementor-element elementor-element-11660d6 elementor-widget elementor-widget-spacer\" data-id=\"11660d6\" data-element_type=\"widget\" data-widget_type=\"spacer.default\">\n\t\t\t\t<div class=\"elementor-widget-container\">\n\t\t\t<style>\/*! elementor - v3.12.1 - 02-04-2023 *\/\n.elementor-column .elementor-spacer-inner{height:var(--spacer-size)}.e-con{--container-widget-width:100%}.e-con-inner>.elementor-widget-spacer,.e-con>.elementor-widget-spacer{width:var(--container-widget-width,var(--spacer-size));--align-self:var(--container-widget-align-self,initial);--flex-shrink:0}.e-con-inner>.elementor-widget-spacer>.elementor-widget-container,.e-con-inner>.elementor-widget-spacer>.elementor-widget-container>.elementor-spacer,.e-con>.elementor-widget-spacer>.elementor-widget-container,.e-con>.elementor-widget-spacer>.elementor-widget-container>.elementor-spacer{height:100%}.e-con-inner>.elementor-widget-spacer>.elementor-widget-container>.elementor-spacer>.elementor-spacer-inner,.e-con>.elementor-widget-spacer>.elementor-widget-container>.elementor-spacer>.elementor-spacer-inner{height:var(--container-widget-height,var(--spacer-size))}<\/style>\t\t<div class=\"elementor-spacer\">\n\t\t\t<div class=\"elementor-spacer-inner\"><\/div>\n\t\t<\/div>\n\t\t\t\t<\/div>\n\t\t\t\t<\/div>\n\t\t\t\t\t<\/div>\n\t\t<\/div>\n\t\t\t\t\t\t\t<\/div>\n\t\t<\/section>\n\t\t\t\t<section class=\"elementor-section elementor-top-section elementor-element elementor-element-6189319 elementor-section-boxed elementor-section-height-default elementor-section-height-default\" data-id=\"6189319\" data-element_type=\"section\">\n\t\t\t\t\t\t<div class=\"elementor-container elementor-column-gap-default\">\n\t\t\t\t\t<div class=\"elementor-column elementor-col-100 elementor-top-column elementor-element elementor-element-5fdc170\" data-id=\"5fdc170\" data-element_type=\"column\">\n\t\t\t<div class=\"elementor-widget-wrap elementor-element-populated\">\n\t\t\t\t\t\t\t\t<div class=\"elementor-element elementor-element-8d53716 elementor-widget elementor-widget-heading\" data-id=\"8d53716\" data-element_type=\"widget\" data-widget_type=\"heading.default\">\n\t\t\t\t<div class=\"elementor-widget-container\">\n\t\t\t<style>\/*! elementor - v3.12.1 - 02-04-2023 *\/\n.elementor-heading-title{padding:0;margin:0;line-height:1}.elementor-widget-heading .elementor-heading-title[class*=elementor-size-]>a{color:inherit;font-size:inherit;line-height:inherit}.elementor-widget-heading .elementor-heading-title.elementor-size-small{font-size:15px}.elementor-widget-heading .elementor-heading-title.elementor-size-medium{font-size:19px}.elementor-widget-heading .elementor-heading-title.elementor-size-large{font-size:29px}.elementor-widget-heading .elementor-heading-title.elementor-size-xl{font-size:39px}.elementor-widget-heading .elementor-heading-title.elementor-size-xxl{font-size:59px}<\/style><h1 class=\"elementor-heading-title elementor-size-default\">HIST\u00d3RICA Y CULTURAL<\/h1>\t\t<\/div>\n\t\t\t\t<\/div>\n\t\t\t\t\t<\/div>\n\t\t<\/div>\n\t\t\t\t\t\t\t<\/div>\n\t\t<\/section>\n\t\t\t\t<section class=\"elementor-section elementor-top-section elementor-element elementor-element-649c0e3 elementor-section-boxed elementor-section-height-default elementor-section-height-default\" data-id=\"649c0e3\" data-element_type=\"section\">\n\t\t\t\t\t\t<div class=\"elementor-container elementor-column-gap-default\">\n\t\t\t\t\t<div class=\"elementor-column elementor-col-33 elementor-top-column elementor-element elementor-element-c413d8a\" data-id=\"c413d8a\" data-element_type=\"column\">\n\t\t\t<div class=\"elementor-widget-wrap elementor-element-populated\">\n\t\t\t\t\t\t\t\t<div class=\"elementor-element elementor-element-52ed19e e-transform e-transform elementor-widget elementor-widget-image\" data-id=\"52ed19e\" data-element_type=\"widget\" data-settings=\"{&quot;_transform_scale_effect_hover&quot;:{&quot;unit&quot;:&quot;px&quot;,&quot;size&quot;:1.1,&quot;sizes&quot;:[]},&quot;_transform_scale_effect&quot;:{&quot;unit&quot;:&quot;px&quot;,&quot;size&quot;:&quot;&quot;,&quot;sizes&quot;:[]},&quot;_transform_scale_effect_tablet&quot;:{&quot;unit&quot;:&quot;px&quot;,&quot;size&quot;:&quot;&quot;,&quot;sizes&quot;:[]},&quot;_transform_scale_effect_mobile&quot;:{&quot;unit&quot;:&quot;px&quot;,&quot;size&quot;:&quot;&quot;,&quot;sizes&quot;:[]},&quot;_transform_scale_effect_hover_tablet&quot;:{&quot;unit&quot;:&quot;px&quot;,&quot;size&quot;:&quot;&quot;,&quot;sizes&quot;:[]},&quot;_transform_scale_effect_hover_mobile&quot;:{&quot;unit&quot;:&quot;px&quot;,&quot;size&quot;:&quot;&quot;,&quot;sizes&quot;:[]}}\" data-widget_type=\"image.default\">\n\t\t\t\t<div class=\"elementor-widget-container\">\n\t\t\t<style>\/*! elementor - v3.12.1 - 02-04-2023 *\/\n.elementor-widget-image{text-align:center}.elementor-widget-image a{display:inline-block}.elementor-widget-image a img[src$=\".svg\"]{width:48px}.elementor-widget-image img{vertical-align:middle;display:inline-block}<\/style>\t\t\t\t\t\t\t\t\t<figure class=\"wp-caption\">\n\t\t\t\t\t\t\t\t\t\t\t<a href=\"https:\/\/larimar-travel.com\/welcome_to_jordan\/?page_id=2820\">\n\t\t\t\t\t\t\t<img decoding=\"async\" width=\"840\" height=\"559\" src=\"https:\/\/larimar-travel.com\/welcome_to_jordan\/wp-content\/uploads\/2023\/04\/amman5-1024x682.jpg\" class=\"attachment-large size-large wp-image-266\" alt=\"\" srcset=\"https:\/\/larimar-travel.com\/welcome_to_jordan\/wp-content\/uploads\/2023\/04\/amman5-1024x682.jpg 1024w, https:\/\/larimar-travel.com\/welcome_to_jordan\/wp-content\/uploads\/2023\/04\/amman5-300x200.jpg 300w, https:\/\/larimar-travel.com\/welcome_to_jordan\/wp-content\/uploads\/2023\/04\/amman5-768x512.jpg 768w, https:\/\/larimar-travel.com\/welcome_to_jordan\/wp-content\/uploads\/2023\/04\/amman5-370x247.jpg 370w, https:\/\/larimar-travel.com\/welcome_to_jordan\/wp-content\/uploads\/2023\/04\/amman5-600x400.jpg 600w, https:\/\/larimar-travel.com\/welcome_to_jordan\/wp-content\/uploads\/2023\/04\/amman5.jpg 1280w\" sizes=\"(max-width: 840px) 100vw, 840px\" \/>\t\t\t\t\t\t\t\t<\/a>\n\t\t\t\t\t\t\t\t\t\t\t<figcaption class=\"widget-image-caption wp-caption-text\">JORDANIA HIST\u00d3RICA Y CULTURAL<\/figcaption>\n\t\t\t\t\t\t\t\t\t\t<\/figure>\n\t\t\t\t\t\t\t\t\t<\/div>\n\t\t\t\t<\/div>\n\t\t\t\t\t<\/div>\n\t\t<\/div>\n\t\t\t\t<div class=\"elementor-column elementor-col-33 elementor-top-column elementor-element elementor-element-1b26f31\" data-id=\"1b26f31\" data-element_type=\"column\">\n\t\t\t<div class=\"elementor-widget-wrap elementor-element-populated\">\n\t\t\t\t\t\t\t\t<div class=\"elementor-element elementor-element-e7f6715 e-transform e-transform elementor-widget elementor-widget-image\" data-id=\"e7f6715\" data-element_type=\"widget\" data-settings=\"{&quot;_transform_scale_effect_hover&quot;:{&quot;unit&quot;:&quot;px&quot;,&quot;size&quot;:1.1,&quot;sizes&quot;:[]},&quot;_transform_scale_effect&quot;:{&quot;unit&quot;:&quot;px&quot;,&quot;size&quot;:&quot;&quot;,&quot;sizes&quot;:[]},&quot;_transform_scale_effect_tablet&quot;:{&quot;unit&quot;:&quot;px&quot;,&quot;size&quot;:&quot;&quot;,&quot;sizes&quot;:[]},&quot;_transform_scale_effect_mobile&quot;:{&quot;unit&quot;:&quot;px&quot;,&quot;size&quot;:&quot;&quot;,&quot;sizes&quot;:[]},&quot;_transform_scale_effect_hover_tablet&quot;:{&quot;unit&quot;:&quot;px&quot;,&quot;size&quot;:&quot;&quot;,&quot;sizes&quot;:[]},&quot;_transform_scale_effect_hover_mobile&quot;:{&quot;unit&quot;:&quot;px&quot;,&quot;size&quot;:&quot;&quot;,&quot;sizes&quot;:[]}}\" data-widget_type=\"image.default\">\n\t\t\t\t<div class=\"elementor-widget-container\">\n\t\t\t\t\t\t\t\t\t\t\t\t<figure class=\"wp-caption\">\n\t\t\t\t\t\t\t\t\t\t\t<a href=\"https:\/\/larimar-travel.com\/welcome_to_jordan\/?page_id=2825\">\n\t\t\t\t\t\t\t<img decoding=\"async\" width=\"840\" height=\"560\" src=\"https:\/\/larimar-travel.com\/welcome_to_jordan\/wp-content\/uploads\/2023\/04\/4325bdf24da8cb3d129a26d3a77ecba2-amman-1-1-1024x683.jpg\" class=\"attachment-large size-large wp-image-267\" alt=\"\" srcset=\"https:\/\/larimar-travel.com\/welcome_to_jordan\/wp-content\/uploads\/2023\/04\/4325bdf24da8cb3d129a26d3a77ecba2-amman-1-1-1024x683.jpg 1024w, https:\/\/larimar-travel.com\/welcome_to_jordan\/wp-content\/uploads\/2023\/04\/4325bdf24da8cb3d129a26d3a77ecba2-amman-1-1-300x200.jpg 300w, https:\/\/larimar-travel.com\/welcome_to_jordan\/wp-content\/uploads\/2023\/04\/4325bdf24da8cb3d129a26d3a77ecba2-amman-1-1-768x512.jpg 768w, https:\/\/larimar-travel.com\/welcome_to_jordan\/wp-content\/uploads\/2023\/04\/4325bdf24da8cb3d129a26d3a77ecba2-amman-1-1-370x247.jpg 370w, https:\/\/larimar-travel.com\/welcome_to_jordan\/wp-content\/uploads\/2023\/04\/4325bdf24da8cb3d129a26d3a77ecba2-amman-1-1-600x400.jpg 600w, https:\/\/larimar-travel.com\/welcome_to_jordan\/wp-content\/uploads\/2023\/04\/4325bdf24da8cb3d129a26d3a77ecba2-amman-1-1.jpg 1200w\" sizes=\"(max-width: 840px) 100vw, 840px\" \/>\t\t\t\t\t\t\t\t<\/a>\n\t\t\t\t\t\t\t\t\t\t\t<figcaption class=\"widget-image-caption wp-caption-text\">JORDANIA HIST\u00d3RICA CON MAR MUERTO<\/figcaption>\n\t\t\t\t\t\t\t\t\t\t<\/figure>\n\t\t\t\t\t\t\t\t\t<\/div>\n\t\t\t\t<\/div>\n\t\t\t\t\t<\/div>\n\t\t<\/div>\n\t\t\t\t<div class=\"elementor-column elementor-col-33 elementor-top-column elementor-element elementor-element-11a571d\" data-id=\"11a571d\" data-element_type=\"column\">\n\t\t\t<div class=\"elementor-widget-wrap elementor-element-populated\">\n\t\t\t\t\t\t\t\t<div class=\"elementor-element elementor-element-10838dc e-transform e-transform elementor-widget elementor-widget-image\" data-id=\"10838dc\" data-element_type=\"widget\" data-settings=\"{&quot;_transform_scale_effect_hover&quot;:{&quot;unit&quot;:&quot;px&quot;,&quot;size&quot;:1.1,&quot;sizes&quot;:[]},&quot;_transform_scale_effect&quot;:{&quot;unit&quot;:&quot;px&quot;,&quot;size&quot;:&quot;&quot;,&quot;sizes&quot;:[]},&quot;_transform_scale_effect_tablet&quot;:{&quot;unit&quot;:&quot;px&quot;,&quot;size&quot;:&quot;&quot;,&quot;sizes&quot;:[]},&quot;_transform_scale_effect_mobile&quot;:{&quot;unit&quot;:&quot;px&quot;,&quot;size&quot;:&quot;&quot;,&quot;sizes&quot;:[]},&quot;_transform_scale_effect_hover_tablet&quot;:{&quot;unit&quot;:&quot;px&quot;,&quot;size&quot;:&quot;&quot;,&quot;sizes&quot;:[]},&quot;_transform_scale_effect_hover_mobile&quot;:{&quot;unit&quot;:&quot;px&quot;,&quot;size&quot;:&quot;&quot;,&quot;sizes&quot;:[]}}\" data-widget_type=\"image.default\">\n\t\t\t\t<div class=\"elementor-widget-container\">\n\t\t\t\t\t\t\t\t\t\t\t\t<figure class=\"wp-caption\">\n\t\t\t\t\t\t\t\t\t\t\t<a href=\"https:\/\/larimar-travel.com\/welcome_to_jordan\/?page_id=2830\">\n\t\t\t\t\t\t\t<img decoding=\"async\" width=\"840\" height=\"560\" src=\"https:\/\/larimar-travel.com\/welcome_to_jordan\/wp-content\/uploads\/2023\/04\/amman4-1024x683.jpg\" class=\"attachment-large size-large wp-image-268\" alt=\"\" srcset=\"https:\/\/larimar-travel.com\/welcome_to_jordan\/wp-content\/uploads\/2023\/04\/amman4-1024x683.jpg 1024w, https:\/\/larimar-travel.com\/welcome_to_jordan\/wp-content\/uploads\/2023\/04\/amman4-300x200.jpg 300w, https:\/\/larimar-travel.com\/welcome_to_jordan\/wp-content\/uploads\/2023\/04\/amman4-768x512.jpg 768w, https:\/\/larimar-travel.com\/welcome_to_jordan\/wp-content\/uploads\/2023\/04\/amman4-370x247.jpg 370w, https:\/\/larimar-travel.com\/welcome_to_jordan\/wp-content\/uploads\/2023\/04\/amman4-600x400.jpg 600w, https:\/\/larimar-travel.com\/welcome_to_jordan\/wp-content\/uploads\/2023\/04\/amman4.jpg 1440w\" sizes=\"(max-width: 840px) 100vw, 840px\" \/>\t\t\t\t\t\t\t\t<\/a>\n\t\t\t\t\t\t\t\t\t\t\t<figcaption class=\"widget-image-caption wp-caption-text\">MINI JORDANIA HIST\u00d3RICO Y CULTURAL<\/figcaption>\n\t\t\t\t\t\t\t\t\t\t<\/figure>\n\t\t\t\t\t\t\t\t\t<\/div>\n\t\t\t\t<\/div>\n\t\t\t\t\t<\/div>\n\t\t<\/div>\n\t\t\t\t\t\t\t<\/div>\n\t\t<\/section>\n\t\t\t\t<section class=\"elementor-section elementor-top-section elementor-element elementor-element-efa2096 elementor-section-boxed elementor-section-height-default elementor-section-height-default\" data-id=\"efa2096\" data-element_type=\"section\">\n\t\t\t\t\t\t<div class=\"elementor-container elementor-column-gap-default\">\n\t\t\t\t\t<div class=\"elementor-column elementor-col-100 elementor-top-column elementor-element elementor-element-2e26571\" data-id=\"2e26571\" data-element_type=\"column\">\n\t\t\t<div class=\"elementor-widget-wrap elementor-element-populated\">\n\t\t\t\t\t\t\t\t<div class=\"elementor-element elementor-element-c0ebfc0 elementor-widget elementor-widget-spacer\" data-id=\"c0ebfc0\" data-element_type=\"widget\" data-widget_type=\"spacer.default\">\n\t\t\t\t<div class=\"elementor-widget-container\">\n\t\t\t\t\t<div class=\"elementor-spacer\">\n\t\t\t<div class=\"elementor-spacer-inner\"><\/div>\n\t\t<\/div>\n\t\t\t\t<\/div>\n\t\t\t\t<\/div>\n\t\t\t\t\t<\/div>\n\t\t<\/div>\n\t\t\t\t\t\t\t<\/div>\n\t\t<\/section>\n\t\t\t\t<section class=\"elementor-section elementor-top-section elementor-element elementor-element-c1e47b5 elementor-section-boxed elementor-section-height-default elementor-section-height-default\" data-id=\"c1e47b5\" data-element_type=\"section\">\n\t\t\t\t\t\t<div class=\"elementor-container elementor-column-gap-default\">\n\t\t\t\t\t<div class=\"elementor-column elementor-col-100 elementor-top-column elementor-element elementor-element-75b8af2\" data-id=\"75b8af2\" data-element_type=\"column\">\n\t\t\t<div class=\"elementor-widget-wrap elementor-element-populated\">\n\t\t\t\t\t\t\t\t<div class=\"elementor-element elementor-element-9b31165 elementor-widget elementor-widget-heading\" data-id=\"9b31165\" data-element_type=\"widget\" data-widget_type=\"heading.default\">\n\t\t\t\t<div class=\"elementor-widget-container\">\n\t\t\t<h2 class=\"elementor-heading-title elementor-size-default\">LA VERDADERA EXPERIENCIA JORDANA<\/h2>\t\t<\/div>\n\t\t\t\t<\/div>\n\t\t\t\t\t<\/div>\n\t\t<\/div>\n\t\t\t\t\t\t\t<\/div>\n\t\t<\/section>\n\t\t\t\t<section class=\"elementor-section elementor-top-section elementor-element elementor-element-ad0b0ad elementor-section-boxed elementor-section-height-default elementor-section-height-default\" data-id=\"ad0b0ad\" data-element_type=\"section\">\n\t\t\t\t\t\t<div class=\"elementor-container elementor-column-gap-default\">\n\t\t\t\t\t<div class=\"elementor-column elementor-col-100 elementor-top-column elementor-element elementor-element-834560e\" data-id=\"834560e\" data-element_type=\"column\">\n\t\t\t<div class=\"elementor-widget-wrap elementor-element-populated\">\n\t\t\t\t\t\t\t\t<div class=\"elementor-element elementor-element-9456b17 elementor-align-center elementor-widget elementor-widget-button\" data-id=\"9456b17\" data-element_type=\"widget\" data-widget_type=\"button.default\">\n\t\t\t\t<div class=\"elementor-widget-container\">\n\t\t\t\t\t<div class=\"elementor-button-wrapper\">\n\t\t\t<a href=\"https:\/\/larimar-travel.com\/welcome_to_jordan\/?page_id=3372\" class=\"elementor-button-link elementor-button elementor-size-sm\" role=\"button\">\n\t\t\t\t\t\t<span class=\"elementor-button-content-wrapper\">\n\t\t\t\t\t\t<span class=\"elementor-button-text\">CONSTRUYE TU ITINERARIO<\/span>\n\t\t<\/span>\n\t\t\t\t\t<\/a>\n\t\t<\/div>\n\t\t\t\t<\/div>\n\t\t\t\t<\/div>\n\t\t\t\t\t<\/div>\n\t\t<\/div>\n\t\t\t\t\t\t\t<\/div>\n\t\t<\/section>\n\t\t\t\t\t\t\t<\/div>\n\t\t","protected":false},"excerpt":{"rendered":"<p>HIST\u00d3RICA Y CULTURAL JORDANIA HIST\u00d3RICA Y CULTURAL JORDANIA HIST\u00d3RICA CON MAR MUERTO MINI JORDANIA HIST\u00d3RICO Y CULTURAL LA VERDADERA EXPERIENCIA JORDANA CONSTRUYE TU ITINERARIO<\/p>\n","protected":false},"author":1,"featured_media":0,"parent":0,"menu_order":0,"comment_status":"closed","ping_status":"closed","template":"","meta":{"footnotes":""},"class_list":["post-2808","page","type-page","status-publish","hentry"],"_links":{"self":[{"href":"https:\/\/larimar-travel.com\/welcome_to_jordan\/index.php?rest_route=\/wp\/v2\/pages\/2808","targetHints":{"allow":["GET"]}}],"collection":[{"href":"https:\/\/larimar-travel.com\/welcome_to_jordan\/index.php?rest_route=\/wp\/v2\/pages"}],"about":[{"href":"https:\/\/larimar-travel.com\/welcome_to_jordan\/index.php?rest_route=\/wp\/v2\/types\/page"}],"author":[{"embeddable":true,"href":"https:\/\/larimar-travel.com\/welcome_to_jordan\/index.php?rest_route=\/wp\/v2\/users\/1"}],"replies":[{"embeddable":true,"href":"https:\/\/larimar-travel.com\/welcome_to_jordan\/index.php?rest_route=%2Fwp%2Fv2%2Fcomments&post=2808"}],"version-history":[{"count":22,"href":"https:\/\/larimar-travel.com\/welcome_to_jordan\/index.php?rest_route=\/wp\/v2\/pages\/2808\/revisions"}],"predecessor-version":[{"id":3393,"href":"https:\/\/larimar-travel.com\/welcome_to_jordan\/index.php?rest_route=\/wp\/v2\/pages\/2808\/revisions\/3393"}],"wp:attachment":[{"href":"https:\/\/larimar-travel.com\/welcome_to_jordan\/index.php?rest_route=%2Fwp%2Fv2%2Fmedia&parent=2808"}],"curies":[{"name":"wp","href":"https:\/\/api.w.org\/{rel}","templated":true}]}}