{"id":2962,"date":"2023-06-05T09:14:34","date_gmt":"2023-06-05T09:14:34","guid":{"rendered":"https:\/\/larimar-travel.com\/welcome_to_jordan\/?page_id=2962"},"modified":"2023-06-17T20:06:29","modified_gmt":"2023-06-17T20:06:29","slug":"biblico-y-islamico","status":"publish","type":"page","link":"https:\/\/larimar-travel.com\/welcome_to_jordan\/?page_id=2962","title":{"rendered":"B\u00cdBLICO Y ISL\u00c1MICO"},"content":{"rendered":"\t\t<div data-elementor-type=\"wp-page\" data-elementor-id=\"2962\" class=\"elementor elementor-2962\">\n\t\t\t\t\t\t\t\t\t<section class=\"elementor-section elementor-top-section elementor-element elementor-element-3b6aceb elementor-section-boxed elementor-section-height-default elementor-section-height-default\" data-id=\"3b6aceb\" data-element_type=\"section\">\n\t\t\t\t\t\t<div class=\"elementor-container elementor-column-gap-default\">\n\t\t\t\t\t<div class=\"elementor-column elementor-col-100 elementor-top-column elementor-element elementor-element-1758e2a\" data-id=\"1758e2a\" data-element_type=\"column\">\n\t\t\t<div class=\"elementor-widget-wrap elementor-element-populated\">\n\t\t\t\t\t\t\t\t<div class=\"elementor-element elementor-element-25cffa1 elementor-widget elementor-widget-spacer\" data-id=\"25cffa1\" data-element_type=\"widget\" data-widget_type=\"spacer.default\">\n\t\t\t\t<div class=\"elementor-widget-container\">\n\t\t\t<style>\/*! elementor - v3.12.1 - 02-04-2023 *\/\n.elementor-column .elementor-spacer-inner{height:var(--spacer-size)}.e-con{--container-widget-width:100%}.e-con-inner>.elementor-widget-spacer,.e-con>.elementor-widget-spacer{width:var(--container-widget-width,var(--spacer-size));--align-self:var(--container-widget-align-self,initial);--flex-shrink:0}.e-con-inner>.elementor-widget-spacer>.elementor-widget-container,.e-con-inner>.elementor-widget-spacer>.elementor-widget-container>.elementor-spacer,.e-con>.elementor-widget-spacer>.elementor-widget-container,.e-con>.elementor-widget-spacer>.elementor-widget-container>.elementor-spacer{height:100%}.e-con-inner>.elementor-widget-spacer>.elementor-widget-container>.elementor-spacer>.elementor-spacer-inner,.e-con>.elementor-widget-spacer>.elementor-widget-container>.elementor-spacer>.elementor-spacer-inner{height:var(--container-widget-height,var(--spacer-size))}<\/style>\t\t<div class=\"elementor-spacer\">\n\t\t\t<div class=\"elementor-spacer-inner\"><\/div>\n\t\t<\/div>\n\t\t\t\t<\/div>\n\t\t\t\t<\/div>\n\t\t\t\t<div class=\"elementor-element elementor-element-f5949b8 elementor-widget elementor-widget-heading\" data-id=\"f5949b8\" data-element_type=\"widget\" data-widget_type=\"heading.default\">\n\t\t\t\t<div class=\"elementor-widget-container\">\n\t\t\t<style>\/*! elementor - v3.12.1 - 02-04-2023 *\/\n.elementor-heading-title{padding:0;margin:0;line-height:1}.elementor-widget-heading .elementor-heading-title[class*=elementor-size-]>a{color:inherit;font-size:inherit;line-height:inherit}.elementor-widget-heading .elementor-heading-title.elementor-size-small{font-size:15px}.elementor-widget-heading .elementor-heading-title.elementor-size-medium{font-size:19px}.elementor-widget-heading .elementor-heading-title.elementor-size-large{font-size:29px}.elementor-widget-heading .elementor-heading-title.elementor-size-xl{font-size:39px}.elementor-widget-heading .elementor-heading-title.elementor-size-xxl{font-size:59px}<\/style><h1 class=\"elementor-heading-title elementor-size-default\">B\u00edblicos y isl\u00e1micos<\/h1>\t\t<\/div>\n\t\t\t\t<\/div>\n\t\t\t\t\t<\/div>\n\t\t<\/div>\n\t\t\t\t\t\t\t<\/div>\n\t\t<\/section>\n\t\t\t\t<section class=\"elementor-section elementor-top-section elementor-element elementor-element-ebac024 elementor-section-boxed elementor-section-height-default elementor-section-height-default\" data-id=\"ebac024\" data-element_type=\"section\">\n\t\t\t\t\t\t<div class=\"elementor-container elementor-column-gap-default\">\n\t\t\t\t\t<div class=\"elementor-column elementor-col-33 elementor-top-column elementor-element elementor-element-9ffe449\" data-id=\"9ffe449\" data-element_type=\"column\">\n\t\t\t<div class=\"elementor-widget-wrap elementor-element-populated\">\n\t\t\t\t\t\t\t\t<div class=\"elementor-element elementor-element-0c6952f e-transform e-transform elementor-widget elementor-widget-image\" data-id=\"0c6952f\" data-element_type=\"widget\" data-settings=\"{&quot;_transform_scale_effect_hover&quot;:{&quot;unit&quot;:&quot;px&quot;,&quot;size&quot;:1.1,&quot;sizes&quot;:[]},&quot;_transform_scale_effect&quot;:{&quot;unit&quot;:&quot;px&quot;,&quot;size&quot;:&quot;&quot;,&quot;sizes&quot;:[]},&quot;_transform_scale_effect_tablet&quot;:{&quot;unit&quot;:&quot;px&quot;,&quot;size&quot;:&quot;&quot;,&quot;sizes&quot;:[]},&quot;_transform_scale_effect_mobile&quot;:{&quot;unit&quot;:&quot;px&quot;,&quot;size&quot;:&quot;&quot;,&quot;sizes&quot;:[]},&quot;_transform_scale_effect_hover_tablet&quot;:{&quot;unit&quot;:&quot;px&quot;,&quot;size&quot;:&quot;&quot;,&quot;sizes&quot;:[]},&quot;_transform_scale_effect_hover_mobile&quot;:{&quot;unit&quot;:&quot;px&quot;,&quot;size&quot;:&quot;&quot;,&quot;sizes&quot;:[]}}\" data-widget_type=\"image.default\">\n\t\t\t\t<div class=\"elementor-widget-container\">\n\t\t\t<style>\/*! elementor - v3.12.1 - 02-04-2023 *\/\n.elementor-widget-image{text-align:center}.elementor-widget-image a{display:inline-block}.elementor-widget-image a img[src$=\".svg\"]{width:48px}.elementor-widget-image img{vertical-align:middle;display:inline-block}<\/style>\t\t\t\t\t\t\t\t\t<figure class=\"wp-caption\">\n\t\t\t\t\t\t\t\t\t\t\t<a href=\"https:\/\/larimar-travel.com\/welcome_to_jordan\/?page_id=2975\">\n\t\t\t\t\t\t\t<img decoding=\"async\" width=\"840\" height=\"508\" src=\"https:\/\/larimar-travel.com\/welcome_to_jordan\/wp-content\/uploads\/2023\/05\/BIBLICAL-TOURS-1024x619.jpg\" class=\"attachment-large size-large wp-image-902\" alt=\"\" srcset=\"https:\/\/larimar-travel.com\/welcome_to_jordan\/wp-content\/uploads\/2023\/05\/BIBLICAL-TOURS-1024x619.jpg 1024w, https:\/\/larimar-travel.com\/welcome_to_jordan\/wp-content\/uploads\/2023\/05\/BIBLICAL-TOURS-300x181.jpg 300w, https:\/\/larimar-travel.com\/welcome_to_jordan\/wp-content\/uploads\/2023\/05\/BIBLICAL-TOURS-768x465.jpg 768w, https:\/\/larimar-travel.com\/welcome_to_jordan\/wp-content\/uploads\/2023\/05\/BIBLICAL-TOURS-370x224.jpg 370w, https:\/\/larimar-travel.com\/welcome_to_jordan\/wp-content\/uploads\/2023\/05\/BIBLICAL-TOURS-600x363.jpg 600w, https:\/\/larimar-travel.com\/welcome_to_jordan\/wp-content\/uploads\/2023\/05\/BIBLICAL-TOURS.jpg 1440w\" sizes=\"(max-width: 840px) 100vw, 840px\" \/>\t\t\t\t\t\t\t\t<\/a>\n\t\t\t\t\t\t\t\t\t\t\t<figcaption class=\"widget-image-caption wp-caption-text\">B\u00cdBLICO CON AQABA<\/figcaption>\n\t\t\t\t\t\t\t\t\t\t<\/figure>\n\t\t\t\t\t\t\t\t\t<\/div>\n\t\t\t\t<\/div>\n\t\t\t\t\t<\/div>\n\t\t<\/div>\n\t\t\t\t<div class=\"elementor-column elementor-col-33 elementor-top-column elementor-element elementor-element-013cbf2\" data-id=\"013cbf2\" data-element_type=\"column\">\n\t\t\t<div class=\"elementor-widget-wrap elementor-element-populated\">\n\t\t\t\t\t\t\t\t<div class=\"elementor-element elementor-element-e534edd e-transform e-transform elementor-widget elementor-widget-image\" data-id=\"e534edd\" data-element_type=\"widget\" data-settings=\"{&quot;_transform_scale_effect_hover&quot;:{&quot;unit&quot;:&quot;px&quot;,&quot;size&quot;:1.1,&quot;sizes&quot;:[]},&quot;_transform_scale_effect&quot;:{&quot;unit&quot;:&quot;px&quot;,&quot;size&quot;:&quot;&quot;,&quot;sizes&quot;:[]},&quot;_transform_scale_effect_tablet&quot;:{&quot;unit&quot;:&quot;px&quot;,&quot;size&quot;:&quot;&quot;,&quot;sizes&quot;:[]},&quot;_transform_scale_effect_mobile&quot;:{&quot;unit&quot;:&quot;px&quot;,&quot;size&quot;:&quot;&quot;,&quot;sizes&quot;:[]},&quot;_transform_scale_effect_hover_tablet&quot;:{&quot;unit&quot;:&quot;px&quot;,&quot;size&quot;:&quot;&quot;,&quot;sizes&quot;:[]},&quot;_transform_scale_effect_hover_mobile&quot;:{&quot;unit&quot;:&quot;px&quot;,&quot;size&quot;:&quot;&quot;,&quot;sizes&quot;:[]}}\" data-widget_type=\"image.default\">\n\t\t\t\t<div class=\"elementor-widget-container\">\n\t\t\t\t\t\t\t\t\t\t\t\t<figure class=\"wp-caption\">\n\t\t\t\t\t\t\t\t\t\t\t<a href=\"https:\/\/larimar-travel.com\/welcome_to_jordan\/?page_id=2983\">\n\t\t\t\t\t\t\t<img decoding=\"async\" width=\"840\" height=\"508\" src=\"https:\/\/larimar-travel.com\/welcome_to_jordan\/wp-content\/uploads\/2023\/05\/BIBLICAL-TOURS-1024x619.jpg\" class=\"attachment-large size-large wp-image-902\" alt=\"\" srcset=\"https:\/\/larimar-travel.com\/welcome_to_jordan\/wp-content\/uploads\/2023\/05\/BIBLICAL-TOURS-1024x619.jpg 1024w, https:\/\/larimar-travel.com\/welcome_to_jordan\/wp-content\/uploads\/2023\/05\/BIBLICAL-TOURS-300x181.jpg 300w, https:\/\/larimar-travel.com\/welcome_to_jordan\/wp-content\/uploads\/2023\/05\/BIBLICAL-TOURS-768x465.jpg 768w, https:\/\/larimar-travel.com\/welcome_to_jordan\/wp-content\/uploads\/2023\/05\/BIBLICAL-TOURS-370x224.jpg 370w, https:\/\/larimar-travel.com\/welcome_to_jordan\/wp-content\/uploads\/2023\/05\/BIBLICAL-TOURS-600x363.jpg 600w, https:\/\/larimar-travel.com\/welcome_to_jordan\/wp-content\/uploads\/2023\/05\/BIBLICAL-TOURS.jpg 1440w\" sizes=\"(max-width: 840px) 100vw, 840px\" \/>\t\t\t\t\t\t\t\t<\/a>\n\t\t\t\t\t\t\t\t\t\t\t<figcaption class=\"widget-image-caption wp-caption-text\">B\u00cdBLICO CON MAR MUERTO<\/figcaption>\n\t\t\t\t\t\t\t\t\t\t<\/figure>\n\t\t\t\t\t\t\t\t\t<\/div>\n\t\t\t\t<\/div>\n\t\t\t\t\t<\/div>\n\t\t<\/div>\n\t\t\t\t<div class=\"elementor-column elementor-col-33 elementor-top-column elementor-element elementor-element-5077e96\" data-id=\"5077e96\" data-element_type=\"column\">\n\t\t\t<div class=\"elementor-widget-wrap elementor-element-populated\">\n\t\t\t\t\t\t\t\t<div class=\"elementor-element elementor-element-13506f4 e-transform e-transform elementor-widget elementor-widget-image\" data-id=\"13506f4\" data-element_type=\"widget\" data-settings=\"{&quot;_transform_scale_effect_hover&quot;:{&quot;unit&quot;:&quot;px&quot;,&quot;size&quot;:1.1,&quot;sizes&quot;:[]},&quot;_transform_scale_effect&quot;:{&quot;unit&quot;:&quot;px&quot;,&quot;size&quot;:&quot;&quot;,&quot;sizes&quot;:[]},&quot;_transform_scale_effect_tablet&quot;:{&quot;unit&quot;:&quot;px&quot;,&quot;size&quot;:&quot;&quot;,&quot;sizes&quot;:[]},&quot;_transform_scale_effect_mobile&quot;:{&quot;unit&quot;:&quot;px&quot;,&quot;size&quot;:&quot;&quot;,&quot;sizes&quot;:[]},&quot;_transform_scale_effect_hover_tablet&quot;:{&quot;unit&quot;:&quot;px&quot;,&quot;size&quot;:&quot;&quot;,&quot;sizes&quot;:[]},&quot;_transform_scale_effect_hover_mobile&quot;:{&quot;unit&quot;:&quot;px&quot;,&quot;size&quot;:&quot;&quot;,&quot;sizes&quot;:[]}}\" data-widget_type=\"image.default\">\n\t\t\t\t<div class=\"elementor-widget-container\">\n\t\t\t\t\t\t\t\t\t\t\t\t<figure class=\"wp-caption\">\n\t\t\t\t\t\t\t\t\t\t\t<a href=\"https:\/\/larimar-travel.com\/welcome_to_jordan\/?page_id=2988\">\n\t\t\t\t\t\t\t<img decoding=\"async\" width=\"840\" height=\"508\" src=\"https:\/\/larimar-travel.com\/welcome_to_jordan\/wp-content\/uploads\/2023\/05\/ISLAMIC-TOUR-1024x619.jpg\" class=\"attachment-large size-large wp-image-904\" alt=\"\" srcset=\"https:\/\/larimar-travel.com\/welcome_to_jordan\/wp-content\/uploads\/2023\/05\/ISLAMIC-TOUR-1024x619.jpg 1024w, https:\/\/larimar-travel.com\/welcome_to_jordan\/wp-content\/uploads\/2023\/05\/ISLAMIC-TOUR-300x181.jpg 300w, https:\/\/larimar-travel.com\/welcome_to_jordan\/wp-content\/uploads\/2023\/05\/ISLAMIC-TOUR-768x465.jpg 768w, https:\/\/larimar-travel.com\/welcome_to_jordan\/wp-content\/uploads\/2023\/05\/ISLAMIC-TOUR-370x224.jpg 370w, https:\/\/larimar-travel.com\/welcome_to_jordan\/wp-content\/uploads\/2023\/05\/ISLAMIC-TOUR-600x363.jpg 600w, https:\/\/larimar-travel.com\/welcome_to_jordan\/wp-content\/uploads\/2023\/05\/ISLAMIC-TOUR.jpg 1440w\" sizes=\"(max-width: 840px) 100vw, 840px\" \/>\t\t\t\t\t\t\t\t<\/a>\n\t\t\t\t\t\t\t\t\t\t\t<figcaption class=\"widget-image-caption wp-caption-text\">ISL\u00c1MICO<\/figcaption>\n\t\t\t\t\t\t\t\t\t\t<\/figure>\n\t\t\t\t\t\t\t\t\t<\/div>\n\t\t\t\t<\/div>\n\t\t\t\t\t<\/div>\n\t\t<\/div>\n\t\t\t\t\t\t\t<\/div>\n\t\t<\/section>\n\t\t\t\t<section class=\"elementor-section elementor-top-section elementor-element elementor-element-ce91f97 elementor-section-boxed elementor-section-height-default elementor-section-height-default\" data-id=\"ce91f97\" data-element_type=\"section\">\n\t\t\t\t\t\t<div class=\"elementor-container elementor-column-gap-default\">\n\t\t\t\t\t<div class=\"elementor-column elementor-col-100 elementor-top-column elementor-element elementor-element-ec7f168\" data-id=\"ec7f168\" data-element_type=\"column\">\n\t\t\t<div class=\"elementor-widget-wrap elementor-element-populated\">\n\t\t\t\t\t\t\t\t<div class=\"elementor-element elementor-element-d02827e elementor-widget elementor-widget-heading\" data-id=\"d02827e\" data-element_type=\"widget\" data-widget_type=\"heading.default\">\n\t\t\t\t<div class=\"elementor-widget-container\">\n\t\t\t<h2 class=\"elementor-heading-title elementor-size-default\">LA VERDADERA EXPERIENCIA JORDANA<\/h2>\t\t<\/div>\n\t\t\t\t<\/div>\n\t\t\t\t\t<\/div>\n\t\t<\/div>\n\t\t\t\t\t\t\t<\/div>\n\t\t<\/section>\n\t\t\t\t<section class=\"elementor-section elementor-top-section elementor-element elementor-element-f94cafc elementor-section-boxed elementor-section-height-default elementor-section-height-default\" data-id=\"f94cafc\" data-element_type=\"section\">\n\t\t\t\t\t\t<div class=\"elementor-container elementor-column-gap-default\">\n\t\t\t\t\t<div class=\"elementor-column elementor-col-100 elementor-top-column elementor-element elementor-element-9d6f4b5\" data-id=\"9d6f4b5\" data-element_type=\"column\">\n\t\t\t<div class=\"elementor-widget-wrap elementor-element-populated\">\n\t\t\t\t\t\t\t\t<div class=\"elementor-element elementor-element-07b26cc elementor-align-center elementor-widget elementor-widget-button\" data-id=\"07b26cc\" data-element_type=\"widget\" data-widget_type=\"button.default\">\n\t\t\t\t<div class=\"elementor-widget-container\">\n\t\t\t\t\t<div class=\"elementor-button-wrapper\">\n\t\t\t<a href=\"https:\/\/larimar-travel.com\/welcome_to_jordan\/?page_id=3372\" class=\"elementor-button-link elementor-button elementor-size-sm\" role=\"button\">\n\t\t\t\t\t\t<span class=\"elementor-button-content-wrapper\">\n\t\t\t\t\t\t<span class=\"elementor-button-text\">CONSTRUYE TU ITINERARIO<\/span>\n\t\t<\/span>\n\t\t\t\t\t<\/a>\n\t\t<\/div>\n\t\t\t\t<\/div>\n\t\t\t\t<\/div>\n\t\t\t\t\t<\/div>\n\t\t<\/div>\n\t\t\t\t\t\t\t<\/div>\n\t\t<\/section>\n\t\t\t\t\t\t\t<\/div>\n\t\t","protected":false},"excerpt":{"rendered":"<p>B\u00edblicos y isl\u00e1micos B\u00cdBLICO CON AQABA B\u00cdBLICO CON MAR MUERTO ISL\u00c1MICO LA VERDADERA EXPERIENCIA JORDANA CONSTRUYE TU ITINERARIO<\/p>\n","protected":false},"author":1,"featured_media":0,"parent":0,"menu_order":0,"comment_status":"closed","ping_status":"closed","template":"","meta":{"footnotes":""},"class_list":["post-2962","page","type-page","status-publish","hentry"],"_links":{"self":[{"href":"https:\/\/larimar-travel.com\/welcome_to_jordan\/index.php?rest_route=\/wp\/v2\/pages\/2962","targetHints":{"allow":["GET"]}}],"collection":[{"href":"https:\/\/larimar-travel.com\/welcome_to_jordan\/index.php?rest_route=\/wp\/v2\/pages"}],"about":[{"href":"https:\/\/larimar-travel.com\/welcome_to_jordan\/index.php?rest_route=\/wp\/v2\/types\/page"}],"author":[{"embeddable":true,"href":"https:\/\/larimar-travel.com\/welcome_to_jordan\/index.php?rest_route=\/wp\/v2\/users\/1"}],"replies":[{"embeddable":true,"href":"https:\/\/larimar-travel.com\/welcome_to_jordan\/index.php?rest_route=%2Fwp%2Fv2%2Fcomments&post=2962"}],"version-history":[{"count":22,"href":"https:\/\/larimar-travel.com\/welcome_to_jordan\/index.php?rest_route=\/wp\/v2\/pages\/2962\/revisions"}],"predecessor-version":[{"id":3402,"href":"https:\/\/larimar-travel.com\/welcome_to_jordan\/index.php?rest_route=\/wp\/v2\/pages\/2962\/revisions\/3402"}],"wp:attachment":[{"href":"https:\/\/larimar-travel.com\/welcome_to_jordan\/index.php?rest_route=%2Fwp%2Fv2%2Fmedia&parent=2962"}],"curies":[{"name":"wp","href":"https:\/\/api.w.org\/{rel}","templated":true}]}}