{"id":50,"date":"2023-04-19T23:02:58","date_gmt":"2023-04-19T23:02:58","guid":{"rendered":"http:\/\/larimar-travel.com\/welcome_to_jordan\/?page_id=50"},"modified":"2023-07-26T12:49:47","modified_gmt":"2023-07-26T12:49:47","slug":"quienes-somos","status":"publish","type":"page","link":"https:\/\/larimar-travel.com\/welcome_to_jordan\/?page_id=50","title":{"rendered":"Quienes somos"},"content":{"rendered":"\t\t<div data-elementor-type=\"wp-page\" data-elementor-id=\"50\" class=\"elementor elementor-50\">\n\t\t\t\t\t\t\t\t\t<section class=\"elementor-section elementor-top-section elementor-element elementor-element-e26ff62 elementor-section-full_width elementor-section-stretched elementor-section-height-default elementor-section-height-default\" data-id=\"e26ff62\" data-element_type=\"section\" data-settings=\"{&quot;stretch_section&quot;:&quot;section-stretched&quot;}\">\n\t\t\t\t\t\t<div class=\"elementor-container elementor-column-gap-no\">\n\t\t\t\t\t<div class=\"elementor-column elementor-col-100 elementor-top-column elementor-element elementor-element-2c19bc0\" data-id=\"2c19bc0\" data-element_type=\"column\">\n\t\t\t<div class=\"elementor-widget-wrap elementor-element-populated\">\n\t\t\t\t\t\t\t\t<div class=\"elementor-element elementor-element-52bf373 elementor-widget__width-inherit mf--h-position-center mf--v-position-middle elementor-widget elementor-widget-martfury-slides\" data-id=\"52bf373\" data-element_type=\"widget\" data-widget_type=\"martfury-slides.default\">\n\t\t\t\t<div class=\"elementor-widget-container\">\n\t\t\t<div class=\"mf-slides-wrapper loading align-icon- navigation-dots navigation-tablet-dots navigation-mobile-dots\" dir=\"ltr\">\r\n\t\t\t\t<div class=\"arrows-wrapper\"><div class=\"arrows-inner arrows-container\"><\/div><\/div>\r\n\t\t\t\t<div class=\"mf-slides\" data-slider_options=\"{&quot;slidesToShow&quot;:1,&quot;autoplaySpeed&quot;:5000,&quot;autoplay&quot;:true,&quot;infinite&quot;:true,&quot;pauseOnHover&quot;:false,&quot;speed&quot;:500,&quot;arrows&quot;:true,&quot;dots&quot;:true,&quot;rtl&quot;:false,&quot;fade&quot;:true}\" data-animation=\"fadeIn\"><div class=\"elementor-repeater-item-4bfc905 slick-slide\"><div class=\"slick-slide-bg mf-ken-out\"><\/div><div  class=\"slick-slide-inner\"><div class=\"mf-slide-content\"><div class=\"mf-slide-subtitle\">WELCOME TO LARIMAR TRAVEL DMC | JORDAN <\/div><\/div><\/div><\/div><\/div>\r\n\t\t\t<\/div>\t\t<\/div>\n\t\t\t\t<\/div>\n\t\t\t\t\t<\/div>\n\t\t<\/div>\n\t\t\t\t\t\t\t<\/div>\n\t\t<\/section>\n\t\t\t\t<section class=\"elementor-section elementor-top-section elementor-element elementor-element-03e933e elementor-section-full_width elementor-section-content-middle elementor-section-stretched elementor-section-height-default elementor-section-height-default\" data-id=\"03e933e\" data-element_type=\"section\" data-settings=\"{&quot;stretch_section&quot;:&quot;section-stretched&quot;,&quot;background_background&quot;:&quot;classic&quot;}\">\n\t\t\t\t\t\t\t<div class=\"elementor-background-overlay\"><\/div>\n\t\t\t\t\t\t\t<div class=\"elementor-container elementor-column-gap-default\">\n\t\t\t\t\t<div class=\"elementor-column elementor-col-25 elementor-top-column elementor-element elementor-element-0dd5265\" data-id=\"0dd5265\" data-element_type=\"column\">\n\t\t\t<div class=\"elementor-widget-wrap\">\n\t\t\t\t\t\t\t\t\t<\/div>\n\t\t<\/div>\n\t\t\t\t<div class=\"elementor-column elementor-col-25 elementor-top-column elementor-element elementor-element-731800f\" data-id=\"731800f\" data-element_type=\"column\">\n\t\t\t<div class=\"elementor-widget-wrap elementor-element-populated\">\n\t\t\t\t\t\t\t\t<div class=\"elementor-element elementor-element-4840286 elementor-widget elementor-widget-image\" data-id=\"4840286\" data-element_type=\"widget\" data-widget_type=\"image.default\">\n\t\t\t\t<div class=\"elementor-widget-container\">\n\t\t\t<style>\/*! elementor - v3.12.1 - 02-04-2023 *\/\n.elementor-widget-image{text-align:center}.elementor-widget-image a{display:inline-block}.elementor-widget-image a img[src$=\".svg\"]{width:48px}.elementor-widget-image img{vertical-align:middle;display:inline-block}<\/style>\t\t\t\t\t\t\t\t\t\t\t\t<img decoding=\"async\" width=\"512\" height=\"512\" src=\"https:\/\/larimar-travel.com\/welcome_to_jordan\/wp-content\/uploads\/2023\/04\/cropped-web-Favicon-logo.png\" class=\"attachment-large size-large wp-image-18\" alt=\"\" srcset=\"https:\/\/larimar-travel.com\/welcome_to_jordan\/wp-content\/uploads\/2023\/04\/cropped-web-Favicon-logo.png 512w, https:\/\/larimar-travel.com\/welcome_to_jordan\/wp-content\/uploads\/2023\/04\/cropped-web-Favicon-logo-300x300.png 300w, https:\/\/larimar-travel.com\/welcome_to_jordan\/wp-content\/uploads\/2023\/04\/cropped-web-Favicon-logo-150x150.png 150w, https:\/\/larimar-travel.com\/welcome_to_jordan\/wp-content\/uploads\/2023\/04\/cropped-web-Favicon-logo-370x370.png 370w, https:\/\/larimar-travel.com\/welcome_to_jordan\/wp-content\/uploads\/2023\/04\/cropped-web-Favicon-logo-100x100.png 100w, https:\/\/larimar-travel.com\/welcome_to_jordan\/wp-content\/uploads\/2023\/04\/cropped-web-Favicon-logo-270x270.png 270w, https:\/\/larimar-travel.com\/welcome_to_jordan\/wp-content\/uploads\/2023\/04\/cropped-web-Favicon-logo-192x192.png 192w, https:\/\/larimar-travel.com\/welcome_to_jordan\/wp-content\/uploads\/2023\/04\/cropped-web-Favicon-logo-180x180.png 180w, https:\/\/larimar-travel.com\/welcome_to_jordan\/wp-content\/uploads\/2023\/04\/cropped-web-Favicon-logo-32x32.png 32w\" sizes=\"(max-width: 512px) 100vw, 512px\" \/>\t\t\t\t\t\t\t\t\t\t\t\t\t\t\t<\/div>\n\t\t\t\t<\/div>\n\t\t\t\t\t<\/div>\n\t\t<\/div>\n\t\t\t\t<div class=\"elementor-column elementor-col-25 elementor-top-column elementor-element elementor-element-f1a3d99\" data-id=\"f1a3d99\" data-element_type=\"column\">\n\t\t\t<div class=\"elementor-widget-wrap elementor-element-populated\">\n\t\t\t\t\t\t\t\t<div class=\"elementor-element elementor-element-9557865 elementor-widget elementor-widget-text-editor\" data-id=\"9557865\" data-element_type=\"widget\" data-widget_type=\"text-editor.default\">\n\t\t\t\t<div class=\"elementor-widget-container\">\n\t\t\t<style>\/*! elementor - v3.12.1 - 02-04-2023 *\/\n.elementor-widget-text-editor.elementor-drop-cap-view-stacked .elementor-drop-cap{background-color:#69727d;color:#fff}.elementor-widget-text-editor.elementor-drop-cap-view-framed .elementor-drop-cap{color:#69727d;border:3px solid;background-color:transparent}.elementor-widget-text-editor:not(.elementor-drop-cap-view-default) .elementor-drop-cap{margin-top:8px}.elementor-widget-text-editor:not(.elementor-drop-cap-view-default) .elementor-drop-cap-letter{width:1em;height:1em}.elementor-widget-text-editor .elementor-drop-cap{float:left;text-align:center;line-height:1;font-size:50px}.elementor-widget-text-editor .elementor-drop-cap-letter{display:inline-block}<\/style>\t\t\t\t<h4><span style=\"color: #800000;\">Larimar Travel &amp; Tourism DMC es un tour operador l\u00edder receptivo profesional e independiente, con sede en Amman, Jordania, con una larga y profunda experiencia en el sector tur\u00edstico y viajes para manejar el turismo receptivo de Jordania y otros destinos dentro de Oriente Medio.<\/span><\/h4>\t\t\t\t\t\t<\/div>\n\t\t\t\t<\/div>\n\t\t\t\t\t<\/div>\n\t\t<\/div>\n\t\t\t\t<div class=\"elementor-column elementor-col-25 elementor-top-column elementor-element elementor-element-5f423e7\" data-id=\"5f423e7\" data-element_type=\"column\">\n\t\t\t<div class=\"elementor-widget-wrap\">\n\t\t\t\t\t\t\t\t\t<\/div>\n\t\t<\/div>\n\t\t\t\t\t\t\t<\/div>\n\t\t<\/section>\n\t\t\t\t<section class=\"elementor-section elementor-top-section elementor-element elementor-element-3511d5f elementor-section-stretched elementor-section-boxed elementor-section-height-default elementor-section-height-default\" data-id=\"3511d5f\" data-element_type=\"section\" data-settings=\"{&quot;stretch_section&quot;:&quot;section-stretched&quot;}\">\n\t\t\t\t\t\t<div class=\"elementor-container elementor-column-gap-default\">\n\t\t\t\t\t<div class=\"elementor-column elementor-col-50 elementor-top-column elementor-element elementor-element-55894de\" data-id=\"55894de\" data-element_type=\"column\">\n\t\t\t<div class=\"elementor-widget-wrap elementor-element-populated\">\n\t\t\t\t\t\t\t\t<div class=\"elementor-element elementor-element-4048944 elementor-widget elementor-widget-text-editor\" data-id=\"4048944\" data-element_type=\"widget\" data-widget_type=\"text-editor.default\">\n\t\t\t\t<div class=\"elementor-widget-container\">\n\t\t\t\t\t\t\t<h5><strong>Queridos profesionales,<\/strong><\/h5><h5><strong>Es un gran placer presentar \u00abLarimar Travel &amp; Tourism DMC\u00bb a su estimada empresa.<\/strong><\/h5><h5><strong>Somos una empresa independiente con una red global de socios de agencias de viajes y socios comerciales corporativos.<\/strong><\/h5>\t\t\t\t\t\t<\/div>\n\t\t\t\t<\/div>\n\t\t\t\t<div class=\"elementor-element elementor-element-e03f0de elementor-widget elementor-widget-image\" data-id=\"e03f0de\" data-element_type=\"widget\" data-widget_type=\"image.default\">\n\t\t\t\t<div class=\"elementor-widget-container\">\n\t\t\t\t\t\t\t\t\t\t\t\t\t\t\t<img decoding=\"async\" width=\"840\" height=\"585\" src=\"https:\/\/larimar-travel.com\/welcome_to_jordan\/wp-content\/uploads\/2023\/04\/map-of-the-world-and-travel-icons-vector-12632790.jpg\" class=\"attachment-large size-large wp-image-117\" alt=\"\" srcset=\"https:\/\/larimar-travel.com\/welcome_to_jordan\/wp-content\/uploads\/2023\/04\/map-of-the-world-and-travel-icons-vector-12632790.jpg 1000w, https:\/\/larimar-travel.com\/welcome_to_jordan\/wp-content\/uploads\/2023\/04\/map-of-the-world-and-travel-icons-vector-12632790-300x209.jpg 300w, https:\/\/larimar-travel.com\/welcome_to_jordan\/wp-content\/uploads\/2023\/04\/map-of-the-world-and-travel-icons-vector-12632790-768x535.jpg 768w, https:\/\/larimar-travel.com\/welcome_to_jordan\/wp-content\/uploads\/2023\/04\/map-of-the-world-and-travel-icons-vector-12632790-220x154.jpg 220w, https:\/\/larimar-travel.com\/welcome_to_jordan\/wp-content\/uploads\/2023\/04\/map-of-the-world-and-travel-icons-vector-12632790-370x258.jpg 370w, https:\/\/larimar-travel.com\/welcome_to_jordan\/wp-content\/uploads\/2023\/04\/map-of-the-world-and-travel-icons-vector-12632790-600x418.jpg 600w\" sizes=\"(max-width: 840px) 100vw, 840px\" \/>\t\t\t\t\t\t\t\t\t\t\t\t\t\t\t<\/div>\n\t\t\t\t<\/div>\n\t\t\t\t\t<\/div>\n\t\t<\/div>\n\t\t\t\t<div class=\"elementor-column elementor-col-50 elementor-top-column elementor-element elementor-element-c075e0c\" data-id=\"c075e0c\" data-element_type=\"column\">\n\t\t\t<div class=\"elementor-widget-wrap elementor-element-populated\">\n\t\t\t\t\t\t\t\t<div class=\"elementor-element elementor-element-8ea3795 elementor-widget elementor-widget-image\" data-id=\"8ea3795\" data-element_type=\"widget\" data-widget_type=\"image.default\">\n\t\t\t\t<div class=\"elementor-widget-container\">\n\t\t\t\t\t\t\t\t\t\t\t\t\t\t\t<img decoding=\"async\" width=\"840\" height=\"514\" src=\"https:\/\/larimar-travel.com\/welcome_to_jordan\/wp-content\/uploads\/2023\/04\/travel-and-explore-new-cultures-in-the-middle-east-1140x530-2.jpg\" class=\"attachment-large size-large wp-image-118\" alt=\"\" srcset=\"https:\/\/larimar-travel.com\/welcome_to_jordan\/wp-content\/uploads\/2023\/04\/travel-and-explore-new-cultures-in-the-middle-east-1140x530-2.jpg 1000w, https:\/\/larimar-travel.com\/welcome_to_jordan\/wp-content\/uploads\/2023\/04\/travel-and-explore-new-cultures-in-the-middle-east-1140x530-2-300x184.jpg 300w, https:\/\/larimar-travel.com\/welcome_to_jordan\/wp-content\/uploads\/2023\/04\/travel-and-explore-new-cultures-in-the-middle-east-1140x530-2-768x470.jpg 768w, https:\/\/larimar-travel.com\/welcome_to_jordan\/wp-content\/uploads\/2023\/04\/travel-and-explore-new-cultures-in-the-middle-east-1140x530-2-370x226.jpg 370w, https:\/\/larimar-travel.com\/welcome_to_jordan\/wp-content\/uploads\/2023\/04\/travel-and-explore-new-cultures-in-the-middle-east-1140x530-2-600x367.jpg 600w\" sizes=\"(max-width: 840px) 100vw, 840px\" \/>\t\t\t\t\t\t\t\t\t\t\t\t\t\t\t<\/div>\n\t\t\t\t<\/div>\n\t\t\t\t<div class=\"elementor-element elementor-element-90fbc9b elementor-widget elementor-widget-text-editor\" data-id=\"90fbc9b\" data-element_type=\"widget\" data-widget_type=\"text-editor.default\">\n\t\t\t\t<div class=\"elementor-widget-container\">\n\t\t\t\t\t\t\t<h5><strong>Nuestro equipo y personal est\u00e1 formado por expertos en viajes.<\/strong><\/h5><h5><strong>MULTILING\u00dcES y profesionales con una larga experiencia, estamos totalmente preparados y bien capacitados para ayudarte y crear los mejores paquetes de vacaciones para vuestros clientes en Jordania.<\/strong><\/h5><h5><strong>Como resultado, podemos componer casi todos los programas posibles, satisfaciendo las solicitudes, deseos y necesidades individuales de los clientes.<\/strong><\/h5><h5><strong>Garantizamos que podemos ser contactados f\u00e1cilmente por tel\u00e9fono o correo electr\u00f3nico para ayudar a nuestros clientes los 7 d\u00edas de la semana y las 24 horas, tambi\u00e9n contamos con servicio de emergencia las 24 horas.<\/strong><\/h5>\t\t\t\t\t\t<\/div>\n\t\t\t\t<\/div>\n\t\t\t\t\t<\/div>\n\t\t<\/div>\n\t\t\t\t\t\t\t<\/div>\n\t\t<\/section>\n\t\t\t\t<section class=\"elementor-section elementor-top-section elementor-element elementor-element-3e7b8ec elementor-section-stretched elementor-section-boxed elementor-section-height-default elementor-section-height-default\" data-id=\"3e7b8ec\" data-element_type=\"section\" data-settings=\"{&quot;stretch_section&quot;:&quot;section-stretched&quot;}\">\n\t\t\t\t\t\t<div class=\"elementor-container elementor-column-gap-default\">\n\t\t\t\t\t<div class=\"elementor-column elementor-col-100 elementor-top-column elementor-element elementor-element-eea6263\" data-id=\"eea6263\" data-element_type=\"column\">\n\t\t\t<div class=\"elementor-widget-wrap elementor-element-populated\">\n\t\t\t\t\t\t\t\t<div class=\"elementor-element elementor-element-a03d96e elementor-widget elementor-widget-text-editor\" data-id=\"a03d96e\" data-element_type=\"widget\" data-widget_type=\"text-editor.default\">\n\t\t\t\t<div class=\"elementor-widget-container\">\n\t\t\t\t\t\t\t<h5><strong>Organizamos viajes principalmente a Jordania.<\/strong><\/h5><h5><strong>Adem\u00e1s de eso, tambi\u00e9n podemos organizar viajes a los pa\u00edses vecinos de Jordania en el Medio Oriente.<\/strong><\/h5><h5><strong>Tenemos un amplio conocimiento de la regi\u00f3n y conocemos nuestro camino alrededor de Jordania gracias a nuestra larga experiencia durante a\u00f1os.<\/strong><\/h5><h5><strong>Nuestra empresa ofrece una amplia gama de servicios de viajes y turismo, desde tours privados, tours a medida, tours cl\u00e1sicos, peregrinaciones, tratamientos de spa, ba\u00f1os en aguas termales naturales, caminatas en hermosos senderos y ca\u00f1ones, reservas naturales, buceo en el Mar Rojo, paseos en camello por el desierto, tours de negocios con instalaciones para conferencias, grupos de incentivos y MICE, viajes al aire libre y tours de aventura.<\/strong><\/h5><h5><strong>ofreciendo lo mejor de Jordania y brindando un servicio personalizado y atento desde la llegada y hasta la partida.<\/strong><\/h5><h5><strong>Todos nuestros tours y itinerarios son dirigidos por gu\u00edas profesionales nativos altamente respetados, en todos los idiomas y que tienen a\u00f1os de experiencia dirigiendo tours de tipo.<\/strong><\/h5>\t\t\t\t\t\t<\/div>\n\t\t\t\t<\/div>\n\t\t\t\t\t<\/div>\n\t\t<\/div>\n\t\t\t\t\t\t\t<\/div>\n\t\t<\/section>\n\t\t\t\t<section class=\"elementor-section elementor-top-section elementor-element elementor-element-d920924 elementor-section-stretched elementor-section-boxed elementor-section-height-default elementor-section-height-default\" data-id=\"d920924\" data-element_type=\"section\" data-settings=\"{&quot;stretch_section&quot;:&quot;section-stretched&quot;}\">\n\t\t\t\t\t\t<div class=\"elementor-container elementor-column-gap-default\">\n\t\t\t\t\t<div class=\"elementor-column elementor-col-66 elementor-top-column elementor-element elementor-element-66164fc\" data-id=\"66164fc\" data-element_type=\"column\">\n\t\t\t<div class=\"elementor-widget-wrap elementor-element-populated\">\n\t\t\t\t\t\t\t\t<div class=\"elementor-element elementor-element-56ce2dd elementor-widget elementor-widget-text-editor\" data-id=\"56ce2dd\" data-element_type=\"widget\" data-widget_type=\"text-editor.default\">\n\t\t\t\t<div class=\"elementor-widget-container\">\n\t\t\t\t\t\t\t<h5><strong>Puedes elegir el tipo de programa que prefieran tus clientes.<\/strong><\/h5><h5><strong>El prop\u00f3sito de Larimar Travel &amp; Tourism DMC es brindarle un servicio de alta calidad, aventura, un poco de cultura antigua y una forma de ver el mundo de manera diferente, en otras palabras: una verdadera experiencia jordana.<\/strong><\/h5><h5><strong>Viajar a Jordania con Larimar Travel &amp; Torusmi DMC brindar\u00e1 a los viajeros la oportunidad de ver los verdaderos colores de Jordania.<\/strong><\/h5><h5><strong>Nos enorgullecemos de hacer de cada viaje que organizamos una experiencia \u00fanica para nuestros clientes.<\/strong><\/h5><h5><strong>Nos destacamos por ofrecer una experiencia de viaje incre\u00edble.<\/strong><\/h5><h5><strong>Larimar Travel y Turismo DMC Jordania, tu garant\u00eda para una experiencia \u00fanica.<\/strong><\/h5><h5><strong>Si desea saber m\u00e1s sobre Larimar Travel &amp; Tourism DMC Jordania, no dude en ponerse en contacto con nosotros a trav\u00e9s de nuestro correo electr\u00f3nico: info@larimar-travel.com<\/strong><\/h5><h5><strong>Con nuestros mejores y sinceros saludos<\/strong><\/h5><h5><strong>El equipo de Larimar Travel<\/strong><\/h5>\t\t\t\t\t\t<\/div>\n\t\t\t\t<\/div>\n\t\t\t\t\t<\/div>\n\t\t<\/div>\n\t\t\t\t<div class=\"elementor-column elementor-col-33 elementor-top-column elementor-element elementor-element-30a4560\" data-id=\"30a4560\" data-element_type=\"column\">\n\t\t\t<div class=\"elementor-widget-wrap elementor-element-populated\">\n\t\t\t\t\t\t\t\t<div class=\"elementor-element elementor-element-efafbb1 elementor-widget elementor-widget-image\" data-id=\"efafbb1\" data-element_type=\"widget\" data-widget_type=\"image.default\">\n\t\t\t\t<div class=\"elementor-widget-container\">\n\t\t\t\t\t\t\t\t\t\t\t\t\t\t\t<img decoding=\"async\" width=\"436\" height=\"422\" src=\"https:\/\/larimar-travel.com\/welcome_to_jordan\/wp-content\/uploads\/2023\/04\/Video-1.jpg\" class=\"attachment-large size-large wp-image-134\" alt=\"\" srcset=\"https:\/\/larimar-travel.com\/welcome_to_jordan\/wp-content\/uploads\/2023\/04\/Video-1.jpg 436w, https:\/\/larimar-travel.com\/welcome_to_jordan\/wp-content\/uploads\/2023\/04\/Video-1-300x290.jpg 300w, https:\/\/larimar-travel.com\/welcome_to_jordan\/wp-content\/uploads\/2023\/04\/Video-1-370x358.jpg 370w\" sizes=\"(max-width: 436px) 100vw, 436px\" \/>\t\t\t\t\t\t\t\t\t\t\t\t\t\t\t<\/div>\n\t\t\t\t<\/div>\n\t\t\t\t\t<\/div>\n\t\t<\/div>\n\t\t\t\t\t\t\t<\/div>\n\t\t<\/section>\n\t\t\t\t<section class=\"elementor-section elementor-top-section elementor-element elementor-element-1050f74 elementor-section-boxed elementor-section-height-default elementor-section-height-default\" data-id=\"1050f74\" data-element_type=\"section\">\n\t\t\t\t\t\t<div class=\"elementor-container elementor-column-gap-default\">\n\t\t\t\t\t<div class=\"elementor-column elementor-col-50 elementor-top-column elementor-element elementor-element-2ec1b41\" data-id=\"2ec1b41\" data-element_type=\"column\">\n\t\t\t<div class=\"elementor-widget-wrap elementor-element-populated\">\n\t\t\t\t\t\t\t\t<div class=\"elementor-element elementor-element-078e70e elementor-widget elementor-widget-image\" data-id=\"078e70e\" data-element_type=\"widget\" data-widget_type=\"image.default\">\n\t\t\t\t<div class=\"elementor-widget-container\">\n\t\t\t\t\t\t\t\t\t\t\t\t\t\t\t<img decoding=\"async\" width=\"840\" height=\"592\" src=\"https:\/\/larimar-travel.com\/welcome_to_jordan\/wp-content\/uploads\/2023\/05\/jsta-1024x722.jpg\" class=\"attachment-large size-large wp-image-2455\" alt=\"\" srcset=\"https:\/\/larimar-travel.com\/welcome_to_jordan\/wp-content\/uploads\/2023\/05\/jsta-1024x722.jpg 1024w, https:\/\/larimar-travel.com\/welcome_to_jordan\/wp-content\/uploads\/2023\/05\/jsta-300x211.jpg 300w, https:\/\/larimar-travel.com\/welcome_to_jordan\/wp-content\/uploads\/2023\/05\/jsta-768x541.jpg 768w, https:\/\/larimar-travel.com\/welcome_to_jordan\/wp-content\/uploads\/2023\/05\/jsta-1536x1083.jpg 1536w, https:\/\/larimar-travel.com\/welcome_to_jordan\/wp-content\/uploads\/2023\/05\/jsta-2048x1444.jpg 2048w, https:\/\/larimar-travel.com\/welcome_to_jordan\/wp-content\/uploads\/2023\/05\/jsta-220x154.jpg 220w, https:\/\/larimar-travel.com\/welcome_to_jordan\/wp-content\/uploads\/2023\/05\/jsta-370x261.jpg 370w, https:\/\/larimar-travel.com\/welcome_to_jordan\/wp-content\/uploads\/2023\/05\/jsta-600x423.jpg 600w\" sizes=\"(max-width: 840px) 100vw, 840px\" \/>\t\t\t\t\t\t\t\t\t\t\t\t\t\t\t<\/div>\n\t\t\t\t<\/div>\n\t\t\t\t\t<\/div>\n\t\t<\/div>\n\t\t\t\t<div class=\"elementor-column elementor-col-50 elementor-top-column elementor-element elementor-element-1d95126\" data-id=\"1d95126\" data-element_type=\"column\">\n\t\t\t<div class=\"elementor-widget-wrap elementor-element-populated\">\n\t\t\t\t\t\t\t\t<div class=\"elementor-element elementor-element-e43d53f elementor-widget elementor-widget-image\" data-id=\"e43d53f\" data-element_type=\"widget\" data-widget_type=\"image.default\">\n\t\t\t\t<div class=\"elementor-widget-container\">\n\t\t\t\t\t\t\t\t\t\t\t\t\t\t\t<img decoding=\"async\" width=\"840\" height=\"592\" src=\"https:\/\/larimar-travel.com\/welcome_to_jordan\/wp-content\/uploads\/2023\/05\/mota-1024x722.jpg\" class=\"attachment-large size-large wp-image-2456\" alt=\"\" srcset=\"https:\/\/larimar-travel.com\/welcome_to_jordan\/wp-content\/uploads\/2023\/05\/mota-1024x722.jpg 1024w, https:\/\/larimar-travel.com\/welcome_to_jordan\/wp-content\/uploads\/2023\/05\/mota-300x211.jpg 300w, https:\/\/larimar-travel.com\/welcome_to_jordan\/wp-content\/uploads\/2023\/05\/mota-768x541.jpg 768w, https:\/\/larimar-travel.com\/welcome_to_jordan\/wp-content\/uploads\/2023\/05\/mota-1536x1083.jpg 1536w, https:\/\/larimar-travel.com\/welcome_to_jordan\/wp-content\/uploads\/2023\/05\/mota-2048x1444.jpg 2048w, https:\/\/larimar-travel.com\/welcome_to_jordan\/wp-content\/uploads\/2023\/05\/mota-220x154.jpg 220w, https:\/\/larimar-travel.com\/welcome_to_jordan\/wp-content\/uploads\/2023\/05\/mota-370x261.jpg 370w, https:\/\/larimar-travel.com\/welcome_to_jordan\/wp-content\/uploads\/2023\/05\/mota-600x423.jpg 600w\" sizes=\"(max-width: 840px) 100vw, 840px\" \/>\t\t\t\t\t\t\t\t\t\t\t\t\t\t\t<\/div>\n\t\t\t\t<\/div>\n\t\t\t\t\t<\/div>\n\t\t<\/div>\n\t\t\t\t\t\t\t<\/div>\n\t\t<\/section>\n\t\t\t\t\t\t\t<\/div>\n\t\t","protected":false},"excerpt":{"rendered":"<p>WELCOME TO LARIMAR TRAVEL DMC | JORDAN Larimar Travel &amp; Tourism DMC es un tour operador l\u00edder receptivo profesional e independiente, con sede en Amman, Jordania, con una larga y profunda experiencia en el sector tur\u00edstico y viajes para manejar el turismo receptivo de Jordania y otros destinos dentro de Oriente Medio. Queridos profesionales, Es&hellip;<\/p>\n","protected":false},"author":1,"featured_media":0,"parent":0,"menu_order":0,"comment_status":"closed","ping_status":"closed","template":"","meta":{"footnotes":""},"class_list":["post-50","page","type-page","status-publish","hentry"],"_links":{"self":[{"href":"https:\/\/larimar-travel.com\/welcome_to_jordan\/index.php?rest_route=\/wp\/v2\/pages\/50","targetHints":{"allow":["GET"]}}],"collection":[{"href":"https:\/\/larimar-travel.com\/welcome_to_jordan\/index.php?rest_route=\/wp\/v2\/pages"}],"about":[{"href":"https:\/\/larimar-travel.com\/welcome_to_jordan\/index.php?rest_route=\/wp\/v2\/types\/page"}],"author":[{"embeddable":true,"href":"https:\/\/larimar-travel.com\/welcome_to_jordan\/index.php?rest_route=\/wp\/v2\/users\/1"}],"replies":[{"embeddable":true,"href":"https:\/\/larimar-travel.com\/welcome_to_jordan\/index.php?rest_route=%2Fwp%2Fv2%2Fcomments&post=50"}],"version-history":[{"count":14,"href":"https:\/\/larimar-travel.com\/welcome_to_jordan\/index.php?rest_route=\/wp\/v2\/pages\/50\/revisions"}],"predecessor-version":[{"id":3534,"href":"https:\/\/larimar-travel.com\/welcome_to_jordan\/index.php?rest_route=\/wp\/v2\/pages\/50\/revisions\/3534"}],"wp:attachment":[{"href":"https:\/\/larimar-travel.com\/welcome_to_jordan\/index.php?rest_route=%2Fwp%2Fv2%2Fmedia&parent=50"}],"curies":[{"name":"wp","href":"https:\/\/api.w.org\/{rel}","templated":true}]}}